{"id":113,"date":"2019-12-11T11:20:37","date_gmt":"2019-12-11T10:20:37","guid":{"rendered":"http:\/\/c-re.casaweb.ch\/?page_id=113"},"modified":"2026-01-12T14:19:39","modified_gmt":"2026-01-12T13:19:39","slug":"estimation-immobiliere-gratuite-geneve-suisse-en-ligne","status":"publish","type":"page","link":"https:\/\/c-re.ch\/fr\/estimation-immobiliere-gratuite-geneve-suisse-en-ligne\/","title":{"rendered":"Estimer"},"content":{"rendered":"","protected":false},"excerpt":{"rendered":"","protected":false},"author":1,"featured_media":0,"parent":0,"menu_order":0,"comment_status":"closed","ping_status":"closed","template":"","meta":{"_acf_changed":false,"inline_featured_image":false,"footnotes":""},"class_list":["post-113","page","type-page","status-publish","hentry"],"acf":[],"yoast_head":"<!-- This site is optimized with the Yoast SEO Premium plugin v24.3 (Yoast SEO v27.3) - https:\/\/yoast.com\/product\/yoast-seo-premium-wordpress\/ -->\n<title>Estimation immobili\u00e8re gratuite en ligne - Classicus Real Estate SA<\/title>\n<meta name=\"description\" content=\"Obtenez une estimation immobili\u00e8re rapide et gratuite en Suisse avec notre outil en ligne. Id\u00e9al pour une vente r\u00e9ussie \u00e0 Gen\u00e8ve. Fiable et facile \u00e0 utiliser.\" \/>\n<meta name=\"robots\" content=\"index, follow, max-snippet:-1, max-image-preview:large, max-video-preview:-1\" \/>\n<link rel=\"canonical\" href=\"https:\/\/c-re.ch\/fr\/estimation-immobiliere-gratuite-geneve-suisse-en-ligne\/\" \/>\n<meta property=\"og:locale\" content=\"fr_FR\" \/>\n<meta property=\"og:type\" content=\"article\" \/>\n<meta property=\"og:title\" content=\"Estimation immobili\u00e8re gratuite en ligne - Classicus Real Estate SA\" \/>\n<meta property=\"og:description\" content=\"Obtenez une estimation immobili\u00e8re rapide et gratuite en Suisse avec notre outil en ligne. Id\u00e9al pour une vente r\u00e9ussie \u00e0 Gen\u00e8ve. Fiable et facile \u00e0 utiliser.\" \/>\n<meta property=\"og:url\" content=\"https:\/\/c-re.ch\/fr\/estimation-immobiliere-gratuite-geneve-suisse-en-ligne\/\" \/>\n<meta property=\"og:site_name\" content=\"Classicus Real Estate\u00a0\" \/>\n<meta property=\"article:modified_time\" content=\"2026-01-12T13:19:39+00:00\" \/>\n<meta name=\"twitter:card\" content=\"summary_large_image\" \/>\n<script type=\"application\/ld+json\" class=\"yoast-schema-graph\">{\"@context\":\"https:\\\/\\\/schema.org\",\"@graph\":[{\"@type\":\"WebPage\",\"@id\":\"https:\\\/\\\/c-re.ch\\\/fr\\\/estimation-immobiliere-gratuite-geneve-suisse-en-ligne\\\/\",\"url\":\"https:\\\/\\\/c-re.ch\\\/fr\\\/estimation-immobiliere-gratuite-geneve-suisse-en-ligne\\\/\",\"name\":\"Estimation immobili\u00e8re gratuite en ligne - Classicus Real Estate SA\",\"isPartOf\":{\"@id\":\"https:\\\/\\\/c-re.ch\\\/en\\\/#website\"},\"datePublished\":\"2019-12-11T10:20:37+00:00\",\"dateModified\":\"2026-01-12T13:19:39+00:00\",\"description\":\"Obtenez une estimation immobili\u00e8re rapide et gratuite en Suisse avec notre outil en ligne. Id\u00e9al pour une vente r\u00e9ussie \u00e0 Gen\u00e8ve. Fiable et facile \u00e0 utiliser.\",\"inLanguage\":\"fr-FR\",\"potentialAction\":[{\"@type\":\"ReadAction\",\"target\":[\"https:\\\/\\\/c-re.ch\\\/fr\\\/estimation-immobiliere-gratuite-geneve-suisse-en-ligne\\\/\"]}]},{\"@type\":\"WebSite\",\"@id\":\"https:\\\/\\\/c-re.ch\\\/en\\\/#website\",\"url\":\"https:\\\/\\\/c-re.ch\\\/en\\\/\",\"name\":\"Classicus Real Estate\u00a0\",\"description\":\"\",\"publisher\":{\"@id\":\"https:\\\/\\\/c-re.ch\\\/en\\\/#organization\"},\"potentialAction\":[{\"@type\":\"SearchAction\",\"target\":{\"@type\":\"EntryPoint\",\"urlTemplate\":\"https:\\\/\\\/c-re.ch\\\/en\\\/?s={search_term_string}\"},\"query-input\":{\"@type\":\"PropertyValueSpecification\",\"valueRequired\":true,\"valueName\":\"search_term_string\"}}],\"inLanguage\":\"fr-FR\"},{\"@type\":\"Organization\",\"@id\":\"https:\\\/\\\/c-re.ch\\\/en\\\/#organization\",\"name\":\"Classicus Real Estate\u00a0\",\"url\":\"https:\\\/\\\/c-re.ch\\\/en\\\/\",\"logo\":{\"@type\":\"ImageObject\",\"inLanguage\":\"fr-FR\",\"@id\":\"https:\\\/\\\/c-re.ch\\\/en\\\/#\\\/schema\\\/logo\\\/image\\\/\",\"url\":\"https:\\\/\\\/c-re.ch\\\/wp-content\\\/uploads\\\/sites\\\/22\\\/2024\\\/03\\\/cropped-cropped-Transparent.png\",\"contentUrl\":\"https:\\\/\\\/c-re.ch\\\/wp-content\\\/uploads\\\/sites\\\/22\\\/2024\\\/03\\\/cropped-cropped-Transparent.png\",\"width\":2451,\"height\":1410,\"caption\":\"Classicus Real Estate\u00a0\"},\"image\":{\"@id\":\"https:\\\/\\\/c-re.ch\\\/en\\\/#\\\/schema\\\/logo\\\/image\\\/\"}}]}<\/script>\n<!-- \/ Yoast SEO Premium plugin. -->","yoast_head_json":{"title":"Estimation immobili\u00e8re gratuite en ligne - Classicus Real Estate SA","description":"Obtenez une estimation immobili\u00e8re rapide et gratuite en Suisse avec notre outil en ligne. Id\u00e9al pour une vente r\u00e9ussie \u00e0 Gen\u00e8ve. Fiable et facile \u00e0 utiliser.","robots":{"index":"index","follow":"follow","max-snippet":"max-snippet:-1","max-image-preview":"max-image-preview:large","max-video-preview":"max-video-preview:-1"},"canonical":"https:\/\/c-re.ch\/fr\/estimation-immobiliere-gratuite-geneve-suisse-en-ligne\/","og_locale":"fr_FR","og_type":"article","og_title":"Estimation immobili\u00e8re gratuite en ligne - Classicus Real Estate SA","og_description":"Obtenez une estimation immobili\u00e8re rapide et gratuite en Suisse avec notre outil en ligne. Id\u00e9al pour une vente r\u00e9ussie \u00e0 Gen\u00e8ve. Fiable et facile \u00e0 utiliser.","og_url":"https:\/\/c-re.ch\/fr\/estimation-immobiliere-gratuite-geneve-suisse-en-ligne\/","og_site_name":"Classicus Real Estate\u00a0","article_modified_time":"2026-01-12T13:19:39+00:00","twitter_card":"summary_large_image","schema":{"@context":"https:\/\/schema.org","@graph":[{"@type":"WebPage","@id":"https:\/\/c-re.ch\/fr\/estimation-immobiliere-gratuite-geneve-suisse-en-ligne\/","url":"https:\/\/c-re.ch\/fr\/estimation-immobiliere-gratuite-geneve-suisse-en-ligne\/","name":"Estimation immobili\u00e8re gratuite en ligne - Classicus Real Estate SA","isPartOf":{"@id":"https:\/\/c-re.ch\/en\/#website"},"datePublished":"2019-12-11T10:20:37+00:00","dateModified":"2026-01-12T13:19:39+00:00","description":"Obtenez une estimation immobili\u00e8re rapide et gratuite en Suisse avec notre outil en ligne. Id\u00e9al pour une vente r\u00e9ussie \u00e0 Gen\u00e8ve. Fiable et facile \u00e0 utiliser.","inLanguage":"fr-FR","potentialAction":[{"@type":"ReadAction","target":["https:\/\/c-re.ch\/fr\/estimation-immobiliere-gratuite-geneve-suisse-en-ligne\/"]}]},{"@type":"WebSite","@id":"https:\/\/c-re.ch\/en\/#website","url":"https:\/\/c-re.ch\/en\/","name":"Classicus Real Estate\u00a0","description":"","publisher":{"@id":"https:\/\/c-re.ch\/en\/#organization"},"potentialAction":[{"@type":"SearchAction","target":{"@type":"EntryPoint","urlTemplate":"https:\/\/c-re.ch\/en\/?s={search_term_string}"},"query-input":{"@type":"PropertyValueSpecification","valueRequired":true,"valueName":"search_term_string"}}],"inLanguage":"fr-FR"},{"@type":"Organization","@id":"https:\/\/c-re.ch\/en\/#organization","name":"Classicus Real Estate\u00a0","url":"https:\/\/c-re.ch\/en\/","logo":{"@type":"ImageObject","inLanguage":"fr-FR","@id":"https:\/\/c-re.ch\/en\/#\/schema\/logo\/image\/","url":"https:\/\/c-re.ch\/wp-content\/uploads\/sites\/22\/2024\/03\/cropped-cropped-Transparent.png","contentUrl":"https:\/\/c-re.ch\/wp-content\/uploads\/sites\/22\/2024\/03\/cropped-cropped-Transparent.png","width":2451,"height":1410,"caption":"Classicus Real Estate\u00a0"},"image":{"@id":"https:\/\/c-re.ch\/en\/#\/schema\/logo\/image\/"}}]}},"_links":{"self":[{"href":"https:\/\/c-re.ch\/fr\/wp-json\/wp\/v2\/pages\/113","targetHints":{"allow":["GET"]}}],"collection":[{"href":"https:\/\/c-re.ch\/fr\/wp-json\/wp\/v2\/pages"}],"about":[{"href":"https:\/\/c-re.ch\/fr\/wp-json\/wp\/v2\/types\/page"}],"author":[{"embeddable":true,"href":"https:\/\/c-re.ch\/fr\/wp-json\/wp\/v2\/users\/1"}],"replies":[{"embeddable":true,"href":"https:\/\/c-re.ch\/fr\/wp-json\/wp\/v2\/comments?post=113"}],"version-history":[{"count":0,"href":"https:\/\/c-re.ch\/fr\/wp-json\/wp\/v2\/pages\/113\/revisions"}],"wp:attachment":[{"href":"https:\/\/c-re.ch\/fr\/wp-json\/wp\/v2\/media?parent=113"}],"curies":[{"name":"wp","href":"https:\/\/api.w.org\/{rel}","templated":true}]}}