{"id":2704,"date":"2023-05-24T11:41:08","date_gmt":"2023-05-24T09:41:08","guid":{"rendered":"https:\/\/c-re.pyrit.casasoft.ch\/?page_id=2704"},"modified":"2026-03-23T16:01:55","modified_gmt":"2026-03-23T15:01:55","slug":"vendre-bien-immobilier-geneve","status":"publish","type":"page","link":"https:\/\/c-re.ch\/fr\/vendre-bien-immobilier-geneve\/","title":{"rendered":"Vendre son Bien Immobilier \u00e0 Gen\u00e8ve \u2013 Notre Expertise \u00e0 Votre Service"},"content":{"rendered":"","protected":false},"excerpt":{"rendered":"","protected":false},"author":157,"featured_media":0,"parent":0,"menu_order":0,"comment_status":"closed","ping_status":"closed","template":"","meta":{"_acf_changed":false,"inline_featured_image":false,"footnotes":""},"class_list":["post-2704","page","type-page","status-publish","hentry"],"acf":[],"yoast_head":"<!-- This site is optimized with the Yoast SEO Premium plugin v24.3 (Yoast SEO v27.4) - https:\/\/yoast.com\/product\/yoast-seo-premium-wordpress\/ -->\n<title>Vendre votre bien immobilier \u00e0 Gen\u00e8ve \u2013 Estimation gratuite | Classicus Real Estate SA<\/title>\n<meta name=\"description\" content=\"Vendez votre bien immobilier \u00e0 Gen\u00e8ve avec Classicus Real Estate. Estimation gratuite, strat\u00e9gie personnalis\u00e9e, visibilit\u00e9 maximale et accompagnement complet.\" \/>\n<meta name=\"robots\" content=\"index, follow, max-snippet:-1, max-image-preview:large, max-video-preview:-1\" \/>\n<link rel=\"canonical\" href=\"https:\/\/c-re.ch\/fr\/vendre-bien-immobilier-geneve\/\" \/>\n<meta property=\"og:locale\" content=\"fr_FR\" \/>\n<meta property=\"og:type\" content=\"article\" \/>\n<meta property=\"og:title\" content=\"Vendre votre bien immobilier \u00e0 Gen\u00e8ve \u2013 Estimation gratuite | Classicus Real Estate SA\" \/>\n<meta property=\"og:description\" content=\"Vendez votre bien immobilier \u00e0 Gen\u00e8ve avec Classicus Real Estate. Estimation gratuite, strat\u00e9gie personnalis\u00e9e, visibilit\u00e9 maximale et accompagnement complet.\" \/>\n<meta property=\"og:url\" content=\"https:\/\/c-re.ch\/fr\/vendre-bien-immobilier-geneve\/\" \/>\n<meta property=\"og:site_name\" content=\"Classicus Real Estate\u00a0\" \/>\n<meta property=\"article:modified_time\" content=\"2026-03-23T15:01:55+00:00\" \/>\n<meta name=\"twitter:card\" content=\"summary_large_image\" \/>\n<script type=\"application\/ld+json\" class=\"yoast-schema-graph\">{\"@context\":\"https:\\\/\\\/schema.org\",\"@graph\":[{\"@type\":\"WebPage\",\"@id\":\"https:\\\/\\\/c-re.ch\\\/fr\\\/vendre-bien-immobilier-geneve\\\/\",\"url\":\"https:\\\/\\\/c-re.ch\\\/fr\\\/vendre-bien-immobilier-geneve\\\/\",\"name\":\"Vendre votre bien immobilier \u00e0 Gen\u00e8ve \u2013 Estimation gratuite | Classicus Real Estate SA\",\"isPartOf\":{\"@id\":\"https:\\\/\\\/c-re.ch\\\/en\\\/#website\"},\"datePublished\":\"2023-05-24T09:41:08+00:00\",\"dateModified\":\"2026-03-23T15:01:55+00:00\",\"description\":\"Vendez votre bien immobilier \u00e0 Gen\u00e8ve avec Classicus Real Estate. Estimation gratuite, strat\u00e9gie personnalis\u00e9e, visibilit\u00e9 maximale et accompagnement complet.\",\"inLanguage\":\"fr-FR\",\"potentialAction\":[{\"@type\":\"ReadAction\",\"target\":[\"https:\\\/\\\/c-re.ch\\\/fr\\\/vendre-bien-immobilier-geneve\\\/\"]}]},{\"@type\":\"WebSite\",\"@id\":\"https:\\\/\\\/c-re.ch\\\/en\\\/#website\",\"url\":\"https:\\\/\\\/c-re.ch\\\/en\\\/\",\"name\":\"Classicus Real Estate\u00a0\",\"description\":\"\",\"publisher\":{\"@id\":\"https:\\\/\\\/c-re.ch\\\/en\\\/#organization\"},\"potentialAction\":[{\"@type\":\"SearchAction\",\"target\":{\"@type\":\"EntryPoint\",\"urlTemplate\":\"https:\\\/\\\/c-re.ch\\\/en\\\/?s={search_term_string}\"},\"query-input\":{\"@type\":\"PropertyValueSpecification\",\"valueRequired\":true,\"valueName\":\"search_term_string\"}}],\"inLanguage\":\"fr-FR\"},{\"@type\":\"Organization\",\"@id\":\"https:\\\/\\\/c-re.ch\\\/en\\\/#organization\",\"name\":\"Classicus Real Estate\u00a0\",\"url\":\"https:\\\/\\\/c-re.ch\\\/en\\\/\",\"logo\":{\"@type\":\"ImageObject\",\"inLanguage\":\"fr-FR\",\"@id\":\"https:\\\/\\\/c-re.ch\\\/en\\\/#\\\/schema\\\/logo\\\/image\\\/\",\"url\":\"https:\\\/\\\/c-re.ch\\\/wp-content\\\/uploads\\\/sites\\\/22\\\/2024\\\/03\\\/cropped-cropped-Transparent.png\",\"contentUrl\":\"https:\\\/\\\/c-re.ch\\\/wp-content\\\/uploads\\\/sites\\\/22\\\/2024\\\/03\\\/cropped-cropped-Transparent.png\",\"width\":2451,\"height\":1410,\"caption\":\"Classicus Real Estate\u00a0\"},\"image\":{\"@id\":\"https:\\\/\\\/c-re.ch\\\/en\\\/#\\\/schema\\\/logo\\\/image\\\/\"}}]}<\/script>\n<!-- \/ Yoast SEO Premium plugin. -->","yoast_head_json":{"title":"Vendre votre bien immobilier \u00e0 Gen\u00e8ve \u2013 Estimation gratuite | Classicus Real Estate SA","description":"Vendez votre bien immobilier \u00e0 Gen\u00e8ve avec Classicus Real Estate. Estimation gratuite, strat\u00e9gie personnalis\u00e9e, visibilit\u00e9 maximale et accompagnement complet.","robots":{"index":"index","follow":"follow","max-snippet":"max-snippet:-1","max-image-preview":"max-image-preview:large","max-video-preview":"max-video-preview:-1"},"canonical":"https:\/\/c-re.ch\/fr\/vendre-bien-immobilier-geneve\/","og_locale":"fr_FR","og_type":"article","og_title":"Vendre votre bien immobilier \u00e0 Gen\u00e8ve \u2013 Estimation gratuite | Classicus Real Estate SA","og_description":"Vendez votre bien immobilier \u00e0 Gen\u00e8ve avec Classicus Real Estate. Estimation gratuite, strat\u00e9gie personnalis\u00e9e, visibilit\u00e9 maximale et accompagnement complet.","og_url":"https:\/\/c-re.ch\/fr\/vendre-bien-immobilier-geneve\/","og_site_name":"Classicus Real Estate\u00a0","article_modified_time":"2026-03-23T15:01:55+00:00","twitter_card":"summary_large_image","schema":{"@context":"https:\/\/schema.org","@graph":[{"@type":"WebPage","@id":"https:\/\/c-re.ch\/fr\/vendre-bien-immobilier-geneve\/","url":"https:\/\/c-re.ch\/fr\/vendre-bien-immobilier-geneve\/","name":"Vendre votre bien immobilier \u00e0 Gen\u00e8ve \u2013 Estimation gratuite | Classicus Real Estate SA","isPartOf":{"@id":"https:\/\/c-re.ch\/en\/#website"},"datePublished":"2023-05-24T09:41:08+00:00","dateModified":"2026-03-23T15:01:55+00:00","description":"Vendez votre bien immobilier \u00e0 Gen\u00e8ve avec Classicus Real Estate. Estimation gratuite, strat\u00e9gie personnalis\u00e9e, visibilit\u00e9 maximale et accompagnement complet.","inLanguage":"fr-FR","potentialAction":[{"@type":"ReadAction","target":["https:\/\/c-re.ch\/fr\/vendre-bien-immobilier-geneve\/"]}]},{"@type":"WebSite","@id":"https:\/\/c-re.ch\/en\/#website","url":"https:\/\/c-re.ch\/en\/","name":"Classicus Real Estate\u00a0","description":"","publisher":{"@id":"https:\/\/c-re.ch\/en\/#organization"},"potentialAction":[{"@type":"SearchAction","target":{"@type":"EntryPoint","urlTemplate":"https:\/\/c-re.ch\/en\/?s={search_term_string}"},"query-input":{"@type":"PropertyValueSpecification","valueRequired":true,"valueName":"search_term_string"}}],"inLanguage":"fr-FR"},{"@type":"Organization","@id":"https:\/\/c-re.ch\/en\/#organization","name":"Classicus Real Estate\u00a0","url":"https:\/\/c-re.ch\/en\/","logo":{"@type":"ImageObject","inLanguage":"fr-FR","@id":"https:\/\/c-re.ch\/en\/#\/schema\/logo\/image\/","url":"https:\/\/c-re.ch\/wp-content\/uploads\/sites\/22\/2024\/03\/cropped-cropped-Transparent.png","contentUrl":"https:\/\/c-re.ch\/wp-content\/uploads\/sites\/22\/2024\/03\/cropped-cropped-Transparent.png","width":2451,"height":1410,"caption":"Classicus Real Estate\u00a0"},"image":{"@id":"https:\/\/c-re.ch\/en\/#\/schema\/logo\/image\/"}}]}},"_links":{"self":[{"href":"https:\/\/c-re.ch\/fr\/wp-json\/wp\/v2\/pages\/2704","targetHints":{"allow":["GET"]}}],"collection":[{"href":"https:\/\/c-re.ch\/fr\/wp-json\/wp\/v2\/pages"}],"about":[{"href":"https:\/\/c-re.ch\/fr\/wp-json\/wp\/v2\/types\/page"}],"author":[{"embeddable":true,"href":"https:\/\/c-re.ch\/fr\/wp-json\/wp\/v2\/users\/157"}],"replies":[{"embeddable":true,"href":"https:\/\/c-re.ch\/fr\/wp-json\/wp\/v2\/comments?post=2704"}],"version-history":[{"count":0,"href":"https:\/\/c-re.ch\/fr\/wp-json\/wp\/v2\/pages\/2704\/revisions"}],"wp:attachment":[{"href":"https:\/\/c-re.ch\/fr\/wp-json\/wp\/v2\/media?parent=2704"}],"curies":[{"name":"wp","href":"https:\/\/api.w.org\/{rel}","templated":true}]}}