{"id":2953,"date":"2024-04-30T09:48:05","date_gmt":"2024-04-30T07:48:05","guid":{"rendered":"https:\/\/c-re.pyrit.casasoft.ch\/?page_id=2953"},"modified":"2024-06-25T07:34:18","modified_gmt":"2024-06-25T05:34:18","slug":"gerance","status":"publish","type":"page","link":"https:\/\/c-re.ch\/fr\/gerance\/","title":{"rendered":"Gestion immobili\u00e8re"},"content":{"rendered":"","protected":false},"excerpt":{"rendered":"","protected":false},"author":157,"featured_media":0,"parent":0,"menu_order":0,"comment_status":"closed","ping_status":"closed","template":"","meta":{"_acf_changed":false,"inline_featured_image":false,"footnotes":""},"class_list":["post-2953","page","type-page","status-publish","hentry"],"acf":[],"yoast_head":"<!-- This site is optimized with the Yoast SEO Premium plugin v24.3 (Yoast SEO v27.4) - https:\/\/yoast.com\/product\/yoast-seo-premium-wordpress\/ -->\n<title>G\u00e9rance Immobili\u00e8re - Classicus Real Estate SA<\/title>\n<meta name=\"description\" content=\"D\u00e9couvrez les services de g\u00e9rance immobili\u00e8re : g\u00e9rance administrative, financi\u00e8re, locative et technique pour tous types de biens.\" \/>\n<meta name=\"robots\" content=\"index, follow, max-snippet:-1, max-image-preview:large, max-video-preview:-1\" \/>\n<link rel=\"canonical\" href=\"https:\/\/c-re.ch\/fr\/gerance\/\" \/>\n<meta property=\"og:locale\" content=\"fr_FR\" \/>\n<meta property=\"og:type\" content=\"article\" \/>\n<meta property=\"og:title\" content=\"G\u00e9rance Immobili\u00e8re - Classicus Real Estate SA\" \/>\n<meta property=\"og:description\" content=\"D\u00e9couvrez les services de g\u00e9rance immobili\u00e8re : g\u00e9rance administrative, financi\u00e8re, locative et technique pour tous types de biens.\" \/>\n<meta property=\"og:url\" content=\"https:\/\/c-re.ch\/fr\/gerance\/\" \/>\n<meta property=\"og:site_name\" content=\"Classicus Real Estate\u00a0\" \/>\n<meta property=\"article:modified_time\" content=\"2024-06-25T05:34:18+00:00\" \/>\n<meta name=\"twitter:card\" content=\"summary_large_image\" \/>\n<script type=\"application\/ld+json\" class=\"yoast-schema-graph\">{\"@context\":\"https:\\\/\\\/schema.org\",\"@graph\":[{\"@type\":\"WebPage\",\"@id\":\"https:\\\/\\\/c-re.ch\\\/fr\\\/gerance\\\/\",\"url\":\"https:\\\/\\\/c-re.ch\\\/fr\\\/gerance\\\/\",\"name\":\"G\u00e9rance Immobili\u00e8re - Classicus Real Estate SA\",\"isPartOf\":{\"@id\":\"https:\\\/\\\/c-re.ch\\\/en\\\/#website\"},\"datePublished\":\"2024-04-30T07:48:05+00:00\",\"dateModified\":\"2024-06-25T05:34:18+00:00\",\"description\":\"D\u00e9couvrez les services de g\u00e9rance immobili\u00e8re : g\u00e9rance administrative, financi\u00e8re, locative et technique pour tous types de biens.\",\"inLanguage\":\"fr-FR\",\"potentialAction\":[{\"@type\":\"ReadAction\",\"target\":[\"https:\\\/\\\/c-re.ch\\\/fr\\\/gerance\\\/\"]}]},{\"@type\":\"WebSite\",\"@id\":\"https:\\\/\\\/c-re.ch\\\/en\\\/#website\",\"url\":\"https:\\\/\\\/c-re.ch\\\/en\\\/\",\"name\":\"Classicus Real Estate\u00a0\",\"description\":\"\",\"publisher\":{\"@id\":\"https:\\\/\\\/c-re.ch\\\/en\\\/#organization\"},\"potentialAction\":[{\"@type\":\"SearchAction\",\"target\":{\"@type\":\"EntryPoint\",\"urlTemplate\":\"https:\\\/\\\/c-re.ch\\\/en\\\/?s={search_term_string}\"},\"query-input\":{\"@type\":\"PropertyValueSpecification\",\"valueRequired\":true,\"valueName\":\"search_term_string\"}}],\"inLanguage\":\"fr-FR\"},{\"@type\":\"Organization\",\"@id\":\"https:\\\/\\\/c-re.ch\\\/en\\\/#organization\",\"name\":\"Classicus Real Estate\u00a0\",\"url\":\"https:\\\/\\\/c-re.ch\\\/en\\\/\",\"logo\":{\"@type\":\"ImageObject\",\"inLanguage\":\"fr-FR\",\"@id\":\"https:\\\/\\\/c-re.ch\\\/en\\\/#\\\/schema\\\/logo\\\/image\\\/\",\"url\":\"https:\\\/\\\/c-re.ch\\\/wp-content\\\/uploads\\\/sites\\\/22\\\/2024\\\/03\\\/cropped-cropped-Transparent.png\",\"contentUrl\":\"https:\\\/\\\/c-re.ch\\\/wp-content\\\/uploads\\\/sites\\\/22\\\/2024\\\/03\\\/cropped-cropped-Transparent.png\",\"width\":2451,\"height\":1410,\"caption\":\"Classicus Real Estate\u00a0\"},\"image\":{\"@id\":\"https:\\\/\\\/c-re.ch\\\/en\\\/#\\\/schema\\\/logo\\\/image\\\/\"}}]}<\/script>\n<!-- \/ Yoast SEO Premium plugin. -->","yoast_head_json":{"title":"G\u00e9rance Immobili\u00e8re - Classicus Real Estate SA","description":"D\u00e9couvrez les services de g\u00e9rance immobili\u00e8re : g\u00e9rance administrative, financi\u00e8re, locative et technique pour tous types de biens.","robots":{"index":"index","follow":"follow","max-snippet":"max-snippet:-1","max-image-preview":"max-image-preview:large","max-video-preview":"max-video-preview:-1"},"canonical":"https:\/\/c-re.ch\/fr\/gerance\/","og_locale":"fr_FR","og_type":"article","og_title":"G\u00e9rance Immobili\u00e8re - Classicus Real Estate SA","og_description":"D\u00e9couvrez les services de g\u00e9rance immobili\u00e8re : g\u00e9rance administrative, financi\u00e8re, locative et technique pour tous types de biens.","og_url":"https:\/\/c-re.ch\/fr\/gerance\/","og_site_name":"Classicus Real Estate\u00a0","article_modified_time":"2024-06-25T05:34:18+00:00","twitter_card":"summary_large_image","schema":{"@context":"https:\/\/schema.org","@graph":[{"@type":"WebPage","@id":"https:\/\/c-re.ch\/fr\/gerance\/","url":"https:\/\/c-re.ch\/fr\/gerance\/","name":"G\u00e9rance Immobili\u00e8re - Classicus Real Estate SA","isPartOf":{"@id":"https:\/\/c-re.ch\/en\/#website"},"datePublished":"2024-04-30T07:48:05+00:00","dateModified":"2024-06-25T05:34:18+00:00","description":"D\u00e9couvrez les services de g\u00e9rance immobili\u00e8re : g\u00e9rance administrative, financi\u00e8re, locative et technique pour tous types de biens.","inLanguage":"fr-FR","potentialAction":[{"@type":"ReadAction","target":["https:\/\/c-re.ch\/fr\/gerance\/"]}]},{"@type":"WebSite","@id":"https:\/\/c-re.ch\/en\/#website","url":"https:\/\/c-re.ch\/en\/","name":"Classicus Real Estate\u00a0","description":"","publisher":{"@id":"https:\/\/c-re.ch\/en\/#organization"},"potentialAction":[{"@type":"SearchAction","target":{"@type":"EntryPoint","urlTemplate":"https:\/\/c-re.ch\/en\/?s={search_term_string}"},"query-input":{"@type":"PropertyValueSpecification","valueRequired":true,"valueName":"search_term_string"}}],"inLanguage":"fr-FR"},{"@type":"Organization","@id":"https:\/\/c-re.ch\/en\/#organization","name":"Classicus Real Estate\u00a0","url":"https:\/\/c-re.ch\/en\/","logo":{"@type":"ImageObject","inLanguage":"fr-FR","@id":"https:\/\/c-re.ch\/en\/#\/schema\/logo\/image\/","url":"https:\/\/c-re.ch\/wp-content\/uploads\/sites\/22\/2024\/03\/cropped-cropped-Transparent.png","contentUrl":"https:\/\/c-re.ch\/wp-content\/uploads\/sites\/22\/2024\/03\/cropped-cropped-Transparent.png","width":2451,"height":1410,"caption":"Classicus Real Estate\u00a0"},"image":{"@id":"https:\/\/c-re.ch\/en\/#\/schema\/logo\/image\/"}}]}},"_links":{"self":[{"href":"https:\/\/c-re.ch\/fr\/wp-json\/wp\/v2\/pages\/2953","targetHints":{"allow":["GET"]}}],"collection":[{"href":"https:\/\/c-re.ch\/fr\/wp-json\/wp\/v2\/pages"}],"about":[{"href":"https:\/\/c-re.ch\/fr\/wp-json\/wp\/v2\/types\/page"}],"author":[{"embeddable":true,"href":"https:\/\/c-re.ch\/fr\/wp-json\/wp\/v2\/users\/157"}],"replies":[{"embeddable":true,"href":"https:\/\/c-re.ch\/fr\/wp-json\/wp\/v2\/comments?post=2953"}],"version-history":[{"count":0,"href":"https:\/\/c-re.ch\/fr\/wp-json\/wp\/v2\/pages\/2953\/revisions"}],"wp:attachment":[{"href":"https:\/\/c-re.ch\/fr\/wp-json\/wp\/v2\/media?parent=2953"}],"curies":[{"name":"wp","href":"https:\/\/api.w.org\/{rel}","templated":true}]}}